{"id":88308,"date":"2024-04-21T13:30:11","date_gmt":"2024-04-21T13:30:11","guid":{"rendered":"https:\/\/evofabrics.com\/produto\/39045\/"},"modified":"2025-10-28T14:34:13","modified_gmt":"2025-10-28T14:34:13","slug":"39045","status":"publish","type":"product","link":"https:\/\/evofabrics.com\/en\/produto\/39045\/","title":{"rendered":"39045"},"content":{"rendered":"<p>Papel de parede com superf\u00edcie texturizada que oferece uma experi\u00eancia t\u00e1til e um car\u00e1cter distinto. Com uma mistura impressionante de tons criam um efeito visual de linho. <\/p>\n","protected":false},"excerpt":{"rendered":"<p>Papel de parede com superf\u00edcie texturizada que oferece uma experi\u00eancia t\u00e1til e um car\u00e1cter distinto. Com uma mistura impressionante de tons criam um efeito visual de linho.<\/p>\n","protected":false},"featured_media":87512,"template":"","meta":[],"product_brand":[],"product_cat":[7807,7825],"product_tag":[],"class_list":{"0":"post-88308","1":"product","2":"type-product","3":"status-publish","4":"has-post-thumbnail","6":"product_cat-arcada-en","7":"product_cat-uniti-3-en","9":"first","10":"instock","11":"shipping-taxable","12":"product-type-simple"},"yoast_head":"<!-- This site is optimized with the Yoast SEO plugin v27.0 - https:\/\/yoast.com\/product\/yoast-seo-wordpress\/ -->\n<title>39045 - Damaceno Antunes<\/title>\n<meta name=\"robots\" content=\"index, follow, max-snippet:-1, max-image-preview:large, max-video-preview:-1\" \/>\n<link rel=\"canonical\" href=\"https:\/\/evofabrics.com\/en\/produto\/39045\/\" \/>\n<meta property=\"og:locale\" content=\"en_US\" \/>\n<meta property=\"og:type\" content=\"article\" \/>\n<meta property=\"og:title\" content=\"39045 - Damaceno Antunes\" \/>\n<meta property=\"og:description\" content=\"Papel de parede com superf\u00edcie texturizada que oferece uma experi\u00eancia t\u00e1til e um car\u00e1cter distinto. Com uma mistura impressionante de tons criam um efeito visual de linho.\" \/>\n<meta property=\"og:url\" content=\"https:\/\/evofabrics.com\/en\/produto\/39045\/\" \/>\n<meta property=\"og:site_name\" content=\"Damaceno Antunes\" \/>\n<meta property=\"article:modified_time\" content=\"2025-10-28T14:34:13+00:00\" \/>\n<meta property=\"og:image\" content=\"https:\/\/evofabrics.com\/wp-content\/uploads\/2024\/03\/39045.jpg\" \/>\n\t<meta property=\"og:image:width\" content=\"751\" \/>\n\t<meta property=\"og:image:height\" content=\"751\" \/>\n\t<meta property=\"og:image:type\" content=\"image\/jpeg\" \/>\n<meta name=\"twitter:card\" content=\"summary_large_image\" \/>\n<script type=\"application\/ld+json\" class=\"yoast-schema-graph\">{\"@context\":\"https:\/\/schema.org\",\"@graph\":[{\"@type\":\"WebPage\",\"@id\":\"https:\/\/evofabrics.com\/en\/produto\/39045\/\",\"url\":\"https:\/\/evofabrics.com\/en\/produto\/39045\/\",\"name\":\"39045 - Damaceno Antunes\",\"isPartOf\":{\"@id\":\"https:\/\/evofabrics.com\/en\/#website\"},\"primaryImageOfPage\":{\"@id\":\"https:\/\/evofabrics.com\/en\/produto\/39045\/#primaryimage\"},\"image\":{\"@id\":\"https:\/\/evofabrics.com\/en\/produto\/39045\/#primaryimage\"},\"thumbnailUrl\":\"https:\/\/evofabrics.com\/wp-content\/uploads\/2024\/03\/39045.jpg\",\"datePublished\":\"2024-04-21T13:30:11+00:00\",\"dateModified\":\"2025-10-28T14:34:13+00:00\",\"breadcrumb\":{\"@id\":\"https:\/\/evofabrics.com\/en\/produto\/39045\/#breadcrumb\"},\"inLanguage\":\"en-US\",\"potentialAction\":[{\"@type\":\"ReadAction\",\"target\":[\"https:\/\/evofabrics.com\/en\/produto\/39045\/\"]}]},{\"@type\":\"ImageObject\",\"inLanguage\":\"en-US\",\"@id\":\"https:\/\/evofabrics.com\/en\/produto\/39045\/#primaryimage\",\"url\":\"https:\/\/evofabrics.com\/wp-content\/uploads\/2024\/03\/39045.jpg\",\"contentUrl\":\"https:\/\/evofabrics.com\/wp-content\/uploads\/2024\/03\/39045.jpg\",\"width\":751,\"height\":751},{\"@type\":\"BreadcrumbList\",\"@id\":\"https:\/\/evofabrics.com\/en\/produto\/39045\/#breadcrumb\",\"itemListElement\":[{\"@type\":\"ListItem\",\"position\":1,\"name\":\"Products\",\"item\":\"https:\/\/evofabrics.com\/en\/shop\/\"},{\"@type\":\"ListItem\",\"position\":2,\"name\":\"39045\"}]},{\"@type\":\"WebSite\",\"@id\":\"https:\/\/evofabrics.com\/en\/#website\",\"url\":\"https:\/\/evofabrics.com\/en\/\",\"name\":\"Damaceno Antunes\",\"description\":\"\",\"potentialAction\":[{\"@type\":\"SearchAction\",\"target\":{\"@type\":\"EntryPoint\",\"urlTemplate\":\"https:\/\/evofabrics.com\/en\/?s={search_term_string}\"},\"query-input\":{\"@type\":\"PropertyValueSpecification\",\"valueRequired\":true,\"valueName\":\"search_term_string\"}}],\"inLanguage\":\"en-US\"}]}<\/script>\n<!-- \/ Yoast SEO plugin. -->","yoast_head_json":{"title":"39045 - Damaceno Antunes","robots":{"index":"index","follow":"follow","max-snippet":"max-snippet:-1","max-image-preview":"max-image-preview:large","max-video-preview":"max-video-preview:-1"},"canonical":"https:\/\/evofabrics.com\/en\/produto\/39045\/","og_locale":"en_US","og_type":"article","og_title":"39045 - Damaceno Antunes","og_description":"Papel de parede com superf\u00edcie texturizada que oferece uma experi\u00eancia t\u00e1til e um car\u00e1cter distinto. Com uma mistura impressionante de tons criam um efeito visual de linho.","og_url":"https:\/\/evofabrics.com\/en\/produto\/39045\/","og_site_name":"Damaceno Antunes","article_modified_time":"2025-10-28T14:34:13+00:00","og_image":[{"width":751,"height":751,"url":"https:\/\/evofabrics.com\/wp-content\/uploads\/2024\/03\/39045.jpg","type":"image\/jpeg"}],"twitter_card":"summary_large_image","schema":{"@context":"https:\/\/schema.org","@graph":[{"@type":"WebPage","@id":"https:\/\/evofabrics.com\/en\/produto\/39045\/","url":"https:\/\/evofabrics.com\/en\/produto\/39045\/","name":"39045 - Damaceno Antunes","isPartOf":{"@id":"https:\/\/evofabrics.com\/en\/#website"},"primaryImageOfPage":{"@id":"https:\/\/evofabrics.com\/en\/produto\/39045\/#primaryimage"},"image":{"@id":"https:\/\/evofabrics.com\/en\/produto\/39045\/#primaryimage"},"thumbnailUrl":"https:\/\/evofabrics.com\/wp-content\/uploads\/2024\/03\/39045.jpg","datePublished":"2024-04-21T13:30:11+00:00","dateModified":"2025-10-28T14:34:13+00:00","breadcrumb":{"@id":"https:\/\/evofabrics.com\/en\/produto\/39045\/#breadcrumb"},"inLanguage":"en-US","potentialAction":[{"@type":"ReadAction","target":["https:\/\/evofabrics.com\/en\/produto\/39045\/"]}]},{"@type":"ImageObject","inLanguage":"en-US","@id":"https:\/\/evofabrics.com\/en\/produto\/39045\/#primaryimage","url":"https:\/\/evofabrics.com\/wp-content\/uploads\/2024\/03\/39045.jpg","contentUrl":"https:\/\/evofabrics.com\/wp-content\/uploads\/2024\/03\/39045.jpg","width":751,"height":751},{"@type":"BreadcrumbList","@id":"https:\/\/evofabrics.com\/en\/produto\/39045\/#breadcrumb","itemListElement":[{"@type":"ListItem","position":1,"name":"Products","item":"https:\/\/evofabrics.com\/en\/shop\/"},{"@type":"ListItem","position":2,"name":"39045"}]},{"@type":"WebSite","@id":"https:\/\/evofabrics.com\/en\/#website","url":"https:\/\/evofabrics.com\/en\/","name":"Damaceno Antunes","description":"","potentialAction":[{"@type":"SearchAction","target":{"@type":"EntryPoint","urlTemplate":"https:\/\/evofabrics.com\/en\/?s={search_term_string}"},"query-input":{"@type":"PropertyValueSpecification","valueRequired":true,"valueName":"search_term_string"}}],"inLanguage":"en-US"}]}},"_links":{"self":[{"href":"https:\/\/evofabrics.com\/en\/wp-json\/wp\/v2\/product\/88308","targetHints":{"allow":["GET"]}}],"collection":[{"href":"https:\/\/evofabrics.com\/en\/wp-json\/wp\/v2\/product"}],"about":[{"href":"https:\/\/evofabrics.com\/en\/wp-json\/wp\/v2\/types\/product"}],"wp:featuredmedia":[{"embeddable":true,"href":"https:\/\/evofabrics.com\/en\/wp-json\/wp\/v2\/media\/87512"}],"wp:attachment":[{"href":"https:\/\/evofabrics.com\/en\/wp-json\/wp\/v2\/media?parent=88308"}],"wp:term":[{"taxonomy":"product_brand","embeddable":true,"href":"https:\/\/evofabrics.com\/en\/wp-json\/wp\/v2\/product_brand?post=88308"},{"taxonomy":"product_cat","embeddable":true,"href":"https:\/\/evofabrics.com\/en\/wp-json\/wp\/v2\/product_cat?post=88308"},{"taxonomy":"product_tag","embeddable":true,"href":"https:\/\/evofabrics.com\/en\/wp-json\/wp\/v2\/product_tag?post=88308"}],"curies":[{"name":"wp","href":"https:\/\/api.w.org\/{rel}","templated":true}]}}