{"id":89094,"date":"2024-09-18T11:15:57","date_gmt":"2024-09-18T11:15:57","guid":{"rendered":"https:\/\/evofabrics.com\/produto\/salome\/"},"modified":"2025-10-28T12:47:11","modified_gmt":"2025-10-28T12:47:11","slug":"salome","status":"publish","type":"product","link":"https:\/\/evofabrics.com\/en\/produto\/salome\/","title":{"rendered":"Salome"},"content":{"rendered":"<p>A Cortina Salom\u00e9 tem uma largura de 304 cm. O tecido \u00e9 alinhado e oferece um toque muito suave, proporcionando uma sensa\u00e7\u00e3o agrad\u00e1vel ao tato. Al\u00e9m disso, a sua composi\u00e7\u00e3o e o processo de fabrica\u00e7\u00e3o s\u00e3o reciclados, o que o integra \u00e0 linha de produtos Evo Natura, destacada por promover a sustentabilidade e o respeito ao meio ambiente.<\/p>\n","protected":false},"excerpt":{"rendered":"<p>A Cortina Salom\u00e9 tem uma largura de 304 cm. O tecido \u00e9 alinhado e oferece um toque muito suave, proporcionando uma sensa\u00e7\u00e3o agrad\u00e1vel ao tato. Al\u00e9m disso, a sua composi\u00e7\u00e3o e o processo de fabrica\u00e7\u00e3o s\u00e3o reciclados, o que o integra \u00e0 linha de produtos Evo Natura, destacada por promover a sustentabilidade e o respeito [&hellip;]<\/p>\n","protected":false},"featured_media":89024,"template":"","meta":[],"product_brand":[],"product_cat":[7990,5069,4535],"product_tag":[],"class_list":{"0":"post-89094","1":"product","2":"type-product","3":"status-publish","4":"has-post-thumbnail","6":"product_cat-opera-en","7":"product_cat-natura-en","8":"product_cat-contract-en","10":"first","11":"instock","12":"shipping-taxable","13":"product-type-simple"},"yoast_head":"<!-- This site is optimized with the Yoast SEO plugin v27.0 - https:\/\/yoast.com\/product\/yoast-seo-wordpress\/ -->\n<title>Salome - Damaceno Antunes<\/title>\n<meta name=\"robots\" content=\"index, follow, max-snippet:-1, max-image-preview:large, max-video-preview:-1\" \/>\n<link rel=\"canonical\" href=\"https:\/\/evofabrics.com\/en\/produto\/salome\/\" \/>\n<meta property=\"og:locale\" content=\"en_US\" \/>\n<meta property=\"og:type\" content=\"article\" \/>\n<meta property=\"og:title\" content=\"Salome - Damaceno Antunes\" \/>\n<meta property=\"og:description\" content=\"A Cortina Salom\u00e9 tem uma largura de 304 cm. O tecido \u00e9 alinhado e oferece um toque muito suave, proporcionando uma sensa\u00e7\u00e3o agrad\u00e1vel ao tato. Al\u00e9m disso, a sua composi\u00e7\u00e3o e o processo de fabrica\u00e7\u00e3o s\u00e3o reciclados, o que o integra \u00e0 linha de produtos Evo Natura, destacada por promover a sustentabilidade e o respeito [&hellip;]\" \/>\n<meta property=\"og:url\" content=\"https:\/\/evofabrics.com\/en\/produto\/salome\/\" \/>\n<meta property=\"og:site_name\" content=\"Damaceno Antunes\" \/>\n<meta property=\"article:modified_time\" content=\"2025-10-28T12:47:11+00:00\" \/>\n<meta property=\"og:image\" content=\"https:\/\/evofabrics.com\/wp-content\/uploads\/2024\/09\/Salome_01.jpg\" \/>\n\t<meta property=\"og:image:width\" content=\"1920\" \/>\n\t<meta property=\"og:image:height\" content=\"1920\" \/>\n\t<meta property=\"og:image:type\" content=\"image\/jpeg\" \/>\n<meta name=\"twitter:card\" content=\"summary_large_image\" \/>\n<script type=\"application\/ld+json\" class=\"yoast-schema-graph\">{\"@context\":\"https:\/\/schema.org\",\"@graph\":[{\"@type\":\"WebPage\",\"@id\":\"https:\/\/evofabrics.com\/en\/produto\/salome\/\",\"url\":\"https:\/\/evofabrics.com\/en\/produto\/salome\/\",\"name\":\"Salome - Damaceno Antunes\",\"isPartOf\":{\"@id\":\"https:\/\/evofabrics.com\/en\/#website\"},\"primaryImageOfPage\":{\"@id\":\"https:\/\/evofabrics.com\/en\/produto\/salome\/#primaryimage\"},\"image\":{\"@id\":\"https:\/\/evofabrics.com\/en\/produto\/salome\/#primaryimage\"},\"thumbnailUrl\":\"https:\/\/evofabrics.com\/wp-content\/uploads\/2024\/09\/Salome_01.jpg\",\"datePublished\":\"2024-09-18T11:15:57+00:00\",\"dateModified\":\"2025-10-28T12:47:11+00:00\",\"breadcrumb\":{\"@id\":\"https:\/\/evofabrics.com\/en\/produto\/salome\/#breadcrumb\"},\"inLanguage\":\"en-US\",\"potentialAction\":[{\"@type\":\"ReadAction\",\"target\":[\"https:\/\/evofabrics.com\/en\/produto\/salome\/\"]}]},{\"@type\":\"ImageObject\",\"inLanguage\":\"en-US\",\"@id\":\"https:\/\/evofabrics.com\/en\/produto\/salome\/#primaryimage\",\"url\":\"https:\/\/evofabrics.com\/wp-content\/uploads\/2024\/09\/Salome_01.jpg\",\"contentUrl\":\"https:\/\/evofabrics.com\/wp-content\/uploads\/2024\/09\/Salome_01.jpg\",\"width\":1920,\"height\":1920},{\"@type\":\"BreadcrumbList\",\"@id\":\"https:\/\/evofabrics.com\/en\/produto\/salome\/#breadcrumb\",\"itemListElement\":[{\"@type\":\"ListItem\",\"position\":1,\"name\":\"Products\",\"item\":\"https:\/\/evofabrics.com\/en\/shop\/\"},{\"@type\":\"ListItem\",\"position\":2,\"name\":\"Salome\"}]},{\"@type\":\"WebSite\",\"@id\":\"https:\/\/evofabrics.com\/en\/#website\",\"url\":\"https:\/\/evofabrics.com\/en\/\",\"name\":\"Damaceno Antunes\",\"description\":\"\",\"potentialAction\":[{\"@type\":\"SearchAction\",\"target\":{\"@type\":\"EntryPoint\",\"urlTemplate\":\"https:\/\/evofabrics.com\/en\/?s={search_term_string}\"},\"query-input\":{\"@type\":\"PropertyValueSpecification\",\"valueRequired\":true,\"valueName\":\"search_term_string\"}}],\"inLanguage\":\"en-US\"}]}<\/script>\n<!-- \/ Yoast SEO plugin. -->","yoast_head_json":{"title":"Salome - Damaceno Antunes","robots":{"index":"index","follow":"follow","max-snippet":"max-snippet:-1","max-image-preview":"max-image-preview:large","max-video-preview":"max-video-preview:-1"},"canonical":"https:\/\/evofabrics.com\/en\/produto\/salome\/","og_locale":"en_US","og_type":"article","og_title":"Salome - Damaceno Antunes","og_description":"A Cortina Salom\u00e9 tem uma largura de 304 cm. O tecido \u00e9 alinhado e oferece um toque muito suave, proporcionando uma sensa\u00e7\u00e3o agrad\u00e1vel ao tato. Al\u00e9m disso, a sua composi\u00e7\u00e3o e o processo de fabrica\u00e7\u00e3o s\u00e3o reciclados, o que o integra \u00e0 linha de produtos Evo Natura, destacada por promover a sustentabilidade e o respeito [&hellip;]","og_url":"https:\/\/evofabrics.com\/en\/produto\/salome\/","og_site_name":"Damaceno Antunes","article_modified_time":"2025-10-28T12:47:11+00:00","og_image":[{"width":1920,"height":1920,"url":"https:\/\/evofabrics.com\/wp-content\/uploads\/2024\/09\/Salome_01.jpg","type":"image\/jpeg"}],"twitter_card":"summary_large_image","schema":{"@context":"https:\/\/schema.org","@graph":[{"@type":"WebPage","@id":"https:\/\/evofabrics.com\/en\/produto\/salome\/","url":"https:\/\/evofabrics.com\/en\/produto\/salome\/","name":"Salome - Damaceno Antunes","isPartOf":{"@id":"https:\/\/evofabrics.com\/en\/#website"},"primaryImageOfPage":{"@id":"https:\/\/evofabrics.com\/en\/produto\/salome\/#primaryimage"},"image":{"@id":"https:\/\/evofabrics.com\/en\/produto\/salome\/#primaryimage"},"thumbnailUrl":"https:\/\/evofabrics.com\/wp-content\/uploads\/2024\/09\/Salome_01.jpg","datePublished":"2024-09-18T11:15:57+00:00","dateModified":"2025-10-28T12:47:11+00:00","breadcrumb":{"@id":"https:\/\/evofabrics.com\/en\/produto\/salome\/#breadcrumb"},"inLanguage":"en-US","potentialAction":[{"@type":"ReadAction","target":["https:\/\/evofabrics.com\/en\/produto\/salome\/"]}]},{"@type":"ImageObject","inLanguage":"en-US","@id":"https:\/\/evofabrics.com\/en\/produto\/salome\/#primaryimage","url":"https:\/\/evofabrics.com\/wp-content\/uploads\/2024\/09\/Salome_01.jpg","contentUrl":"https:\/\/evofabrics.com\/wp-content\/uploads\/2024\/09\/Salome_01.jpg","width":1920,"height":1920},{"@type":"BreadcrumbList","@id":"https:\/\/evofabrics.com\/en\/produto\/salome\/#breadcrumb","itemListElement":[{"@type":"ListItem","position":1,"name":"Products","item":"https:\/\/evofabrics.com\/en\/shop\/"},{"@type":"ListItem","position":2,"name":"Salome"}]},{"@type":"WebSite","@id":"https:\/\/evofabrics.com\/en\/#website","url":"https:\/\/evofabrics.com\/en\/","name":"Damaceno Antunes","description":"","potentialAction":[{"@type":"SearchAction","target":{"@type":"EntryPoint","urlTemplate":"https:\/\/evofabrics.com\/en\/?s={search_term_string}"},"query-input":{"@type":"PropertyValueSpecification","valueRequired":true,"valueName":"search_term_string"}}],"inLanguage":"en-US"}]}},"_links":{"self":[{"href":"https:\/\/evofabrics.com\/en\/wp-json\/wp\/v2\/product\/89094","targetHints":{"allow":["GET"]}}],"collection":[{"href":"https:\/\/evofabrics.com\/en\/wp-json\/wp\/v2\/product"}],"about":[{"href":"https:\/\/evofabrics.com\/en\/wp-json\/wp\/v2\/types\/product"}],"wp:featuredmedia":[{"embeddable":true,"href":"https:\/\/evofabrics.com\/en\/wp-json\/wp\/v2\/media\/89024"}],"wp:attachment":[{"href":"https:\/\/evofabrics.com\/en\/wp-json\/wp\/v2\/media?parent=89094"}],"wp:term":[{"taxonomy":"product_brand","embeddable":true,"href":"https:\/\/evofabrics.com\/en\/wp-json\/wp\/v2\/product_brand?post=89094"},{"taxonomy":"product_cat","embeddable":true,"href":"https:\/\/evofabrics.com\/en\/wp-json\/wp\/v2\/product_cat?post=89094"},{"taxonomy":"product_tag","embeddable":true,"href":"https:\/\/evofabrics.com\/en\/wp-json\/wp\/v2\/product_tag?post=89094"}],"curies":[{"name":"wp","href":"https:\/\/api.w.org\/{rel}","templated":true}]}}