{"id":89095,"date":"2024-09-18T11:16:04","date_gmt":"2024-09-18T11:16:04","guid":{"rendered":"https:\/\/evofabrics.com\/produto\/quixote\/"},"modified":"2025-10-28T12:47:10","modified_gmt":"2025-10-28T12:47:10","slug":"quixote","status":"publish","type":"product","link":"https:\/\/evofabrics.com\/en\/produto\/quixote\/","title":{"rendered":"Quixote"},"content":{"rendered":"<p> Quixote \u00e9 um tecido para estofos com um aspeto de chenille muito elegante. Este tecido tem uma estrutura forrada muito suave com um aspeto c\u00f4tel\u00e9 intemporal. Com uma largura de 140 cm, este tecido est\u00e1 dispon\u00edvel em 8 cores. O tecido possuii um tratamento repelente de \u00e1gua.<\/p>\n","protected":false},"excerpt":{"rendered":"<p>Quixote \u00e9 um tecido para estofos com um aspeto de chenille muito elegante. Este tecido tem uma estrutura forrada muito suave com um aspeto c\u00f4tel\u00e9 intemporal. Com uma largura de 140 cm, este tecido est\u00e1 dispon\u00edvel em 8 cores. O tecido possuii um tratamento repelente de \u00e1gua.<\/p>\n","protected":false},"featured_media":89428,"template":"","meta":[],"product_brand":[],"product_cat":[7990,4933,5069],"product_tag":[],"class_list":{"0":"post-89095","1":"product","2":"type-product","3":"status-publish","4":"has-post-thumbnail","6":"product_cat-opera-en","7":"product_cat-easylife-en","8":"product_cat-natura-en","10":"first","11":"instock","12":"shipping-taxable","13":"product-type-simple"},"yoast_head":"<!-- This site is optimized with the Yoast SEO plugin v27.0 - https:\/\/yoast.com\/product\/yoast-seo-wordpress\/ -->\n<title>Quixote - Damaceno Antunes<\/title>\n<meta name=\"robots\" content=\"index, follow, max-snippet:-1, max-image-preview:large, max-video-preview:-1\" \/>\n<link rel=\"canonical\" href=\"https:\/\/evofabrics.com\/en\/produto\/quixote\/\" \/>\n<meta property=\"og:locale\" content=\"en_US\" \/>\n<meta property=\"og:type\" content=\"article\" \/>\n<meta property=\"og:title\" content=\"Quixote - Damaceno Antunes\" \/>\n<meta property=\"og:description\" content=\"Quixote \u00e9 um tecido para estofos com um aspeto de chenille muito elegante. Este tecido tem uma estrutura forrada muito suave com um aspeto c\u00f4tel\u00e9 intemporal. Com uma largura de 140 cm, este tecido est\u00e1 dispon\u00edvel em 8 cores. O tecido possuii um tratamento repelente de \u00e1gua.\" \/>\n<meta property=\"og:url\" content=\"https:\/\/evofabrics.com\/en\/produto\/quixote\/\" \/>\n<meta property=\"og:site_name\" content=\"Damaceno Antunes\" \/>\n<meta property=\"article:modified_time\" content=\"2025-10-28T12:47:10+00:00\" \/>\n<meta property=\"og:image\" content=\"https:\/\/evofabrics.com\/wp-content\/uploads\/2024\/09\/Quixote_01.jpg\" \/>\n\t<meta property=\"og:image:width\" content=\"1500\" \/>\n\t<meta property=\"og:image:height\" content=\"1500\" \/>\n\t<meta property=\"og:image:type\" content=\"image\/jpeg\" \/>\n<meta name=\"twitter:card\" content=\"summary_large_image\" \/>\n<script type=\"application\/ld+json\" class=\"yoast-schema-graph\">{\"@context\":\"https:\/\/schema.org\",\"@graph\":[{\"@type\":\"WebPage\",\"@id\":\"https:\/\/evofabrics.com\/en\/produto\/quixote\/\",\"url\":\"https:\/\/evofabrics.com\/en\/produto\/quixote\/\",\"name\":\"Quixote - Damaceno Antunes\",\"isPartOf\":{\"@id\":\"https:\/\/evofabrics.com\/en\/#website\"},\"primaryImageOfPage\":{\"@id\":\"https:\/\/evofabrics.com\/en\/produto\/quixote\/#primaryimage\"},\"image\":{\"@id\":\"https:\/\/evofabrics.com\/en\/produto\/quixote\/#primaryimage\"},\"thumbnailUrl\":\"https:\/\/evofabrics.com\/wp-content\/uploads\/2024\/09\/Quixote_01.jpg\",\"datePublished\":\"2024-09-18T11:16:04+00:00\",\"dateModified\":\"2025-10-28T12:47:10+00:00\",\"breadcrumb\":{\"@id\":\"https:\/\/evofabrics.com\/en\/produto\/quixote\/#breadcrumb\"},\"inLanguage\":\"en-US\",\"potentialAction\":[{\"@type\":\"ReadAction\",\"target\":[\"https:\/\/evofabrics.com\/en\/produto\/quixote\/\"]}]},{\"@type\":\"ImageObject\",\"inLanguage\":\"en-US\",\"@id\":\"https:\/\/evofabrics.com\/en\/produto\/quixote\/#primaryimage\",\"url\":\"https:\/\/evofabrics.com\/wp-content\/uploads\/2024\/09\/Quixote_01.jpg\",\"contentUrl\":\"https:\/\/evofabrics.com\/wp-content\/uploads\/2024\/09\/Quixote_01.jpg\",\"width\":1500,\"height\":1500},{\"@type\":\"BreadcrumbList\",\"@id\":\"https:\/\/evofabrics.com\/en\/produto\/quixote\/#breadcrumb\",\"itemListElement\":[{\"@type\":\"ListItem\",\"position\":1,\"name\":\"Products\",\"item\":\"https:\/\/evofabrics.com\/en\/shop\/\"},{\"@type\":\"ListItem\",\"position\":2,\"name\":\"Quixote\"}]},{\"@type\":\"WebSite\",\"@id\":\"https:\/\/evofabrics.com\/en\/#website\",\"url\":\"https:\/\/evofabrics.com\/en\/\",\"name\":\"Damaceno Antunes\",\"description\":\"\",\"potentialAction\":[{\"@type\":\"SearchAction\",\"target\":{\"@type\":\"EntryPoint\",\"urlTemplate\":\"https:\/\/evofabrics.com\/en\/?s={search_term_string}\"},\"query-input\":{\"@type\":\"PropertyValueSpecification\",\"valueRequired\":true,\"valueName\":\"search_term_string\"}}],\"inLanguage\":\"en-US\"}]}<\/script>\n<!-- \/ Yoast SEO plugin. -->","yoast_head_json":{"title":"Quixote - Damaceno Antunes","robots":{"index":"index","follow":"follow","max-snippet":"max-snippet:-1","max-image-preview":"max-image-preview:large","max-video-preview":"max-video-preview:-1"},"canonical":"https:\/\/evofabrics.com\/en\/produto\/quixote\/","og_locale":"en_US","og_type":"article","og_title":"Quixote - Damaceno Antunes","og_description":"Quixote \u00e9 um tecido para estofos com um aspeto de chenille muito elegante. Este tecido tem uma estrutura forrada muito suave com um aspeto c\u00f4tel\u00e9 intemporal. Com uma largura de 140 cm, este tecido est\u00e1 dispon\u00edvel em 8 cores. O tecido possuii um tratamento repelente de \u00e1gua.","og_url":"https:\/\/evofabrics.com\/en\/produto\/quixote\/","og_site_name":"Damaceno Antunes","article_modified_time":"2025-10-28T12:47:10+00:00","og_image":[{"width":1500,"height":1500,"url":"https:\/\/evofabrics.com\/wp-content\/uploads\/2024\/09\/Quixote_01.jpg","type":"image\/jpeg"}],"twitter_card":"summary_large_image","schema":{"@context":"https:\/\/schema.org","@graph":[{"@type":"WebPage","@id":"https:\/\/evofabrics.com\/en\/produto\/quixote\/","url":"https:\/\/evofabrics.com\/en\/produto\/quixote\/","name":"Quixote - Damaceno Antunes","isPartOf":{"@id":"https:\/\/evofabrics.com\/en\/#website"},"primaryImageOfPage":{"@id":"https:\/\/evofabrics.com\/en\/produto\/quixote\/#primaryimage"},"image":{"@id":"https:\/\/evofabrics.com\/en\/produto\/quixote\/#primaryimage"},"thumbnailUrl":"https:\/\/evofabrics.com\/wp-content\/uploads\/2024\/09\/Quixote_01.jpg","datePublished":"2024-09-18T11:16:04+00:00","dateModified":"2025-10-28T12:47:10+00:00","breadcrumb":{"@id":"https:\/\/evofabrics.com\/en\/produto\/quixote\/#breadcrumb"},"inLanguage":"en-US","potentialAction":[{"@type":"ReadAction","target":["https:\/\/evofabrics.com\/en\/produto\/quixote\/"]}]},{"@type":"ImageObject","inLanguage":"en-US","@id":"https:\/\/evofabrics.com\/en\/produto\/quixote\/#primaryimage","url":"https:\/\/evofabrics.com\/wp-content\/uploads\/2024\/09\/Quixote_01.jpg","contentUrl":"https:\/\/evofabrics.com\/wp-content\/uploads\/2024\/09\/Quixote_01.jpg","width":1500,"height":1500},{"@type":"BreadcrumbList","@id":"https:\/\/evofabrics.com\/en\/produto\/quixote\/#breadcrumb","itemListElement":[{"@type":"ListItem","position":1,"name":"Products","item":"https:\/\/evofabrics.com\/en\/shop\/"},{"@type":"ListItem","position":2,"name":"Quixote"}]},{"@type":"WebSite","@id":"https:\/\/evofabrics.com\/en\/#website","url":"https:\/\/evofabrics.com\/en\/","name":"Damaceno Antunes","description":"","potentialAction":[{"@type":"SearchAction","target":{"@type":"EntryPoint","urlTemplate":"https:\/\/evofabrics.com\/en\/?s={search_term_string}"},"query-input":{"@type":"PropertyValueSpecification","valueRequired":true,"valueName":"search_term_string"}}],"inLanguage":"en-US"}]}},"_links":{"self":[{"href":"https:\/\/evofabrics.com\/en\/wp-json\/wp\/v2\/product\/89095","targetHints":{"allow":["GET"]}}],"collection":[{"href":"https:\/\/evofabrics.com\/en\/wp-json\/wp\/v2\/product"}],"about":[{"href":"https:\/\/evofabrics.com\/en\/wp-json\/wp\/v2\/types\/product"}],"wp:featuredmedia":[{"embeddable":true,"href":"https:\/\/evofabrics.com\/en\/wp-json\/wp\/v2\/media\/89428"}],"wp:attachment":[{"href":"https:\/\/evofabrics.com\/en\/wp-json\/wp\/v2\/media?parent=89095"}],"wp:term":[{"taxonomy":"product_brand","embeddable":true,"href":"https:\/\/evofabrics.com\/en\/wp-json\/wp\/v2\/product_brand?post=89095"},{"taxonomy":"product_cat","embeddable":true,"href":"https:\/\/evofabrics.com\/en\/wp-json\/wp\/v2\/product_cat?post=89095"},{"taxonomy":"product_tag","embeddable":true,"href":"https:\/\/evofabrics.com\/en\/wp-json\/wp\/v2\/product_tag?post=89095"}],"curies":[{"name":"wp","href":"https:\/\/api.w.org\/{rel}","templated":true}]}}