{"id":89103,"date":"2024-09-18T11:16:28","date_gmt":"2024-09-18T11:16:28","guid":{"rendered":"https:\/\/evofabrics.com\/produto\/buri\/"},"modified":"2025-10-28T12:47:05","modified_gmt":"2025-10-28T12:47:05","slug":"buri","status":"publish","type":"product","link":"https:\/\/evofabrics.com\/en\/produto\/buri\/","title":{"rendered":"Buri"},"content":{"rendered":"<p>Buri \u00e9 uma pele sint\u00e9tica com um efeito de cesta visual, dispon\u00edvel numa variedade de cores. Com uma largura de 140 cm, esta pele \u00e9 conhecida pela sua enorme resist\u00eancia e durabilidade. Al\u00e9m disso, inclui uma s\u00e9rie de componentes que facilitam a limpeza, tornando a manuten\u00e7\u00e3o do tecido pr\u00e1tica e simples.<\/p>\n","protected":false},"excerpt":{"rendered":"<p>Buri \u00e9 uma pele sint\u00e9tica com um efeito de cesta visual, dispon\u00edvel numa variedade de cores. Com uma largura de 140 cm, esta pele \u00e9 conhecida pela sua enorme resist\u00eancia e durabilidade. Al\u00e9m disso, inclui uma s\u00e9rie de componentes que facilitam a limpeza, tornando a manuten\u00e7\u00e3o do tecido pr\u00e1tica e simples.<\/p>\n","protected":false},"featured_media":88810,"template":"","meta":[],"product_brand":[],"product_cat":[7990,4831,4933,4535],"product_tag":[],"class_list":{"0":"post-89103","1":"product","2":"type-product","3":"status-publish","4":"has-post-thumbnail","6":"product_cat-opera-en","7":"product_cat-inorout-en","8":"product_cat-easylife-en","9":"product_cat-contract-en","11":"first","12":"instock","13":"shipping-taxable","14":"product-type-simple"},"yoast_head":"<!-- This site is optimized with the Yoast SEO plugin v27.0 - https:\/\/yoast.com\/product\/yoast-seo-wordpress\/ -->\n<title>Buri - Damaceno Antunes<\/title>\n<meta name=\"robots\" content=\"index, follow, max-snippet:-1, max-image-preview:large, max-video-preview:-1\" \/>\n<link rel=\"canonical\" href=\"https:\/\/evofabrics.com\/en\/produto\/buri\/\" \/>\n<meta property=\"og:locale\" content=\"en_US\" \/>\n<meta property=\"og:type\" content=\"article\" \/>\n<meta property=\"og:title\" content=\"Buri - Damaceno Antunes\" \/>\n<meta property=\"og:description\" content=\"Buri \u00e9 uma pele sint\u00e9tica com um efeito de cesta visual, dispon\u00edvel numa variedade de cores. Com uma largura de 140 cm, esta pele \u00e9 conhecida pela sua enorme resist\u00eancia e durabilidade. Al\u00e9m disso, inclui uma s\u00e9rie de componentes que facilitam a limpeza, tornando a manuten\u00e7\u00e3o do tecido pr\u00e1tica e simples.\" \/>\n<meta property=\"og:url\" content=\"https:\/\/evofabrics.com\/en\/produto\/buri\/\" \/>\n<meta property=\"og:site_name\" content=\"Damaceno Antunes\" \/>\n<meta property=\"article:modified_time\" content=\"2025-10-28T12:47:05+00:00\" \/>\n<meta property=\"og:image\" content=\"https:\/\/evofabrics.com\/wp-content\/uploads\/2024\/09\/Buri_01.jpg\" \/>\n\t<meta property=\"og:image:width\" content=\"612\" \/>\n\t<meta property=\"og:image:height\" content=\"618\" \/>\n\t<meta property=\"og:image:type\" content=\"image\/jpeg\" \/>\n<meta name=\"twitter:card\" content=\"summary_large_image\" \/>\n<script type=\"application\/ld+json\" class=\"yoast-schema-graph\">{\"@context\":\"https:\/\/schema.org\",\"@graph\":[{\"@type\":\"WebPage\",\"@id\":\"https:\/\/evofabrics.com\/en\/produto\/buri\/\",\"url\":\"https:\/\/evofabrics.com\/en\/produto\/buri\/\",\"name\":\"Buri - Damaceno Antunes\",\"isPartOf\":{\"@id\":\"https:\/\/evofabrics.com\/en\/#website\"},\"primaryImageOfPage\":{\"@id\":\"https:\/\/evofabrics.com\/en\/produto\/buri\/#primaryimage\"},\"image\":{\"@id\":\"https:\/\/evofabrics.com\/en\/produto\/buri\/#primaryimage\"},\"thumbnailUrl\":\"https:\/\/evofabrics.com\/wp-content\/uploads\/2024\/09\/Buri_01.jpg\",\"datePublished\":\"2024-09-18T11:16:28+00:00\",\"dateModified\":\"2025-10-28T12:47:05+00:00\",\"breadcrumb\":{\"@id\":\"https:\/\/evofabrics.com\/en\/produto\/buri\/#breadcrumb\"},\"inLanguage\":\"en-US\",\"potentialAction\":[{\"@type\":\"ReadAction\",\"target\":[\"https:\/\/evofabrics.com\/en\/produto\/buri\/\"]}]},{\"@type\":\"ImageObject\",\"inLanguage\":\"en-US\",\"@id\":\"https:\/\/evofabrics.com\/en\/produto\/buri\/#primaryimage\",\"url\":\"https:\/\/evofabrics.com\/wp-content\/uploads\/2024\/09\/Buri_01.jpg\",\"contentUrl\":\"https:\/\/evofabrics.com\/wp-content\/uploads\/2024\/09\/Buri_01.jpg\",\"width\":612,\"height\":618},{\"@type\":\"BreadcrumbList\",\"@id\":\"https:\/\/evofabrics.com\/en\/produto\/buri\/#breadcrumb\",\"itemListElement\":[{\"@type\":\"ListItem\",\"position\":1,\"name\":\"Products\",\"item\":\"https:\/\/evofabrics.com\/en\/shop\/\"},{\"@type\":\"ListItem\",\"position\":2,\"name\":\"Buri\"}]},{\"@type\":\"WebSite\",\"@id\":\"https:\/\/evofabrics.com\/en\/#website\",\"url\":\"https:\/\/evofabrics.com\/en\/\",\"name\":\"Damaceno Antunes\",\"description\":\"\",\"potentialAction\":[{\"@type\":\"SearchAction\",\"target\":{\"@type\":\"EntryPoint\",\"urlTemplate\":\"https:\/\/evofabrics.com\/en\/?s={search_term_string}\"},\"query-input\":{\"@type\":\"PropertyValueSpecification\",\"valueRequired\":true,\"valueName\":\"search_term_string\"}}],\"inLanguage\":\"en-US\"}]}<\/script>\n<!-- \/ Yoast SEO plugin. -->","yoast_head_json":{"title":"Buri - Damaceno Antunes","robots":{"index":"index","follow":"follow","max-snippet":"max-snippet:-1","max-image-preview":"max-image-preview:large","max-video-preview":"max-video-preview:-1"},"canonical":"https:\/\/evofabrics.com\/en\/produto\/buri\/","og_locale":"en_US","og_type":"article","og_title":"Buri - Damaceno Antunes","og_description":"Buri \u00e9 uma pele sint\u00e9tica com um efeito de cesta visual, dispon\u00edvel numa variedade de cores. Com uma largura de 140 cm, esta pele \u00e9 conhecida pela sua enorme resist\u00eancia e durabilidade. Al\u00e9m disso, inclui uma s\u00e9rie de componentes que facilitam a limpeza, tornando a manuten\u00e7\u00e3o do tecido pr\u00e1tica e simples.","og_url":"https:\/\/evofabrics.com\/en\/produto\/buri\/","og_site_name":"Damaceno Antunes","article_modified_time":"2025-10-28T12:47:05+00:00","og_image":[{"width":612,"height":618,"url":"https:\/\/evofabrics.com\/wp-content\/uploads\/2024\/09\/Buri_01.jpg","type":"image\/jpeg"}],"twitter_card":"summary_large_image","schema":{"@context":"https:\/\/schema.org","@graph":[{"@type":"WebPage","@id":"https:\/\/evofabrics.com\/en\/produto\/buri\/","url":"https:\/\/evofabrics.com\/en\/produto\/buri\/","name":"Buri - Damaceno Antunes","isPartOf":{"@id":"https:\/\/evofabrics.com\/en\/#website"},"primaryImageOfPage":{"@id":"https:\/\/evofabrics.com\/en\/produto\/buri\/#primaryimage"},"image":{"@id":"https:\/\/evofabrics.com\/en\/produto\/buri\/#primaryimage"},"thumbnailUrl":"https:\/\/evofabrics.com\/wp-content\/uploads\/2024\/09\/Buri_01.jpg","datePublished":"2024-09-18T11:16:28+00:00","dateModified":"2025-10-28T12:47:05+00:00","breadcrumb":{"@id":"https:\/\/evofabrics.com\/en\/produto\/buri\/#breadcrumb"},"inLanguage":"en-US","potentialAction":[{"@type":"ReadAction","target":["https:\/\/evofabrics.com\/en\/produto\/buri\/"]}]},{"@type":"ImageObject","inLanguage":"en-US","@id":"https:\/\/evofabrics.com\/en\/produto\/buri\/#primaryimage","url":"https:\/\/evofabrics.com\/wp-content\/uploads\/2024\/09\/Buri_01.jpg","contentUrl":"https:\/\/evofabrics.com\/wp-content\/uploads\/2024\/09\/Buri_01.jpg","width":612,"height":618},{"@type":"BreadcrumbList","@id":"https:\/\/evofabrics.com\/en\/produto\/buri\/#breadcrumb","itemListElement":[{"@type":"ListItem","position":1,"name":"Products","item":"https:\/\/evofabrics.com\/en\/shop\/"},{"@type":"ListItem","position":2,"name":"Buri"}]},{"@type":"WebSite","@id":"https:\/\/evofabrics.com\/en\/#website","url":"https:\/\/evofabrics.com\/en\/","name":"Damaceno Antunes","description":"","potentialAction":[{"@type":"SearchAction","target":{"@type":"EntryPoint","urlTemplate":"https:\/\/evofabrics.com\/en\/?s={search_term_string}"},"query-input":{"@type":"PropertyValueSpecification","valueRequired":true,"valueName":"search_term_string"}}],"inLanguage":"en-US"}]}},"_links":{"self":[{"href":"https:\/\/evofabrics.com\/en\/wp-json\/wp\/v2\/product\/89103","targetHints":{"allow":["GET"]}}],"collection":[{"href":"https:\/\/evofabrics.com\/en\/wp-json\/wp\/v2\/product"}],"about":[{"href":"https:\/\/evofabrics.com\/en\/wp-json\/wp\/v2\/types\/product"}],"wp:featuredmedia":[{"embeddable":true,"href":"https:\/\/evofabrics.com\/en\/wp-json\/wp\/v2\/media\/88810"}],"wp:attachment":[{"href":"https:\/\/evofabrics.com\/en\/wp-json\/wp\/v2\/media?parent=89103"}],"wp:term":[{"taxonomy":"product_brand","embeddable":true,"href":"https:\/\/evofabrics.com\/en\/wp-json\/wp\/v2\/product_brand?post=89103"},{"taxonomy":"product_cat","embeddable":true,"href":"https:\/\/evofabrics.com\/en\/wp-json\/wp\/v2\/product_cat?post=89103"},{"taxonomy":"product_tag","embeddable":true,"href":"https:\/\/evofabrics.com\/en\/wp-json\/wp\/v2\/product_tag?post=89103"}],"curies":[{"name":"wp","href":"https:\/\/api.w.org\/{rel}","templated":true}]}}