{"id":94470,"date":"2026-02-24T17:26:17","date_gmt":"2026-02-24T17:26:17","guid":{"rendered":"https:\/\/evofabrics.com\/produto\/lami\/"},"modified":"2026-02-26T10:24:08","modified_gmt":"2026-02-26T10:24:08","slug":"lami","status":"publish","type":"product","link":"https:\/\/evofabrics.com\/en\/produto\/lami\/","title":{"rendered":"Lami"},"content":{"rendered":"<p>O Lami \u00e9 um tecido de exterior desenvolvido com tecnologia Ecoplen, uma inova\u00e7\u00e3o sustent\u00e1vel e de alto desempenho, concebida para ambientes exteriores exigentes. Este tecido alia durabilidade, resist\u00eancia e responsabilidade ambiental, tornando-se uma escolha ideal para espa\u00e7os outdoor contempor\u00e2neos. Gra\u00e7as ao processo Ecoplen, o tecido oferece prote\u00e7\u00e3o superior contra os raios UV, a humidade e o bolor, mantendo uma excelente solidez da cor e estabilidade estrutural. A sua textura \u00e9 suave ao toque, sendo simultaneamente projetada para resistir a uma utiliza\u00e7\u00e3o intensiva e \u00e0 exposi\u00e7\u00e3o cont\u00ednua dos agentes atmosf\u00e9ricos.<\/p>\n","protected":false},"excerpt":{"rendered":"<p>O Lami \u00e9 um tecido de exterior desenvolvido com tecnologia Ecoplen, uma inova\u00e7\u00e3o sustent\u00e1vel e de alto desempenho, concebida para ambientes exteriores exigentes. Este tecido alia durabilidade, resist\u00eancia e responsabilidade ambiental, tornando-se uma escolha ideal para espa\u00e7os outdoor contempor\u00e2neos. Gra\u00e7as ao processo Ecoplen, o tecido oferece prote\u00e7\u00e3o superior contra os raios UV, a humidade e [&hellip;]<\/p>\n","protected":false},"featured_media":94323,"template":"","meta":[],"product_brand":[],"product_cat":[9310,45,48,5845],"product_tag":[],"class_list":{"0":"post-94470","1":"product","2":"type-product","3":"status-publish","4":"has-post-thumbnail","6":"product_cat-azores","7":"product_cat-senses","8":"product_cat-inorout","9":"product_cat-evofabrics","10":"pa_manutencao-tecidos-9187","12":"first","13":"instock","14":"shipping-taxable","15":"product-type-simple"},"yoast_head":"<!-- This site is optimized with the Yoast SEO plugin v27.0 - https:\/\/yoast.com\/product\/yoast-seo-wordpress\/ -->\n<title>Lami - Damaceno Antunes<\/title>\n<meta name=\"robots\" content=\"index, follow, max-snippet:-1, max-image-preview:large, max-video-preview:-1\" \/>\n<link rel=\"canonical\" href=\"https:\/\/evofabrics.com\/en\/produto\/lami\/\" \/>\n<meta property=\"og:locale\" content=\"en_US\" \/>\n<meta property=\"og:type\" content=\"article\" \/>\n<meta property=\"og:title\" content=\"Lami - Damaceno Antunes\" \/>\n<meta property=\"og:description\" content=\"O Lami \u00e9 um tecido de exterior desenvolvido com tecnologia Ecoplen, uma inova\u00e7\u00e3o sustent\u00e1vel e de alto desempenho, concebida para ambientes exteriores exigentes. Este tecido alia durabilidade, resist\u00eancia e responsabilidade ambiental, tornando-se uma escolha ideal para espa\u00e7os outdoor contempor\u00e2neos. Gra\u00e7as ao processo Ecoplen, o tecido oferece prote\u00e7\u00e3o superior contra os raios UV, a humidade e [&hellip;]\" \/>\n<meta property=\"og:url\" content=\"https:\/\/evofabrics.com\/en\/produto\/lami\/\" \/>\n<meta property=\"og:site_name\" content=\"Damaceno Antunes\" \/>\n<meta property=\"article:modified_time\" content=\"2026-02-26T10:24:08+00:00\" \/>\n<meta property=\"og:image\" content=\"https:\/\/evofabrics.com\/wp-content\/uploads\/2026\/02\/Lami_04.jpg\" \/>\n\t<meta property=\"og:image:width\" content=\"1000\" \/>\n\t<meta property=\"og:image:height\" content=\"1000\" \/>\n\t<meta property=\"og:image:type\" content=\"image\/jpeg\" \/>\n<meta name=\"twitter:card\" content=\"summary_large_image\" \/>\n<script type=\"application\/ld+json\" class=\"yoast-schema-graph\">{\"@context\":\"https:\/\/schema.org\",\"@graph\":[{\"@type\":\"WebPage\",\"@id\":\"https:\/\/evofabrics.com\/en\/produto\/lami\/\",\"url\":\"https:\/\/evofabrics.com\/en\/produto\/lami\/\",\"name\":\"Lami - Damaceno Antunes\",\"isPartOf\":{\"@id\":\"https:\/\/evofabrics.com\/en\/#website\"},\"primaryImageOfPage\":{\"@id\":\"https:\/\/evofabrics.com\/en\/produto\/lami\/#primaryimage\"},\"image\":{\"@id\":\"https:\/\/evofabrics.com\/en\/produto\/lami\/#primaryimage\"},\"thumbnailUrl\":\"https:\/\/evofabrics.com\/wp-content\/uploads\/2026\/02\/Lami_04.jpg\",\"datePublished\":\"2026-02-24T17:26:17+00:00\",\"dateModified\":\"2026-02-26T10:24:08+00:00\",\"breadcrumb\":{\"@id\":\"https:\/\/evofabrics.com\/en\/produto\/lami\/#breadcrumb\"},\"inLanguage\":\"en-US\",\"potentialAction\":[{\"@type\":\"ReadAction\",\"target\":[\"https:\/\/evofabrics.com\/en\/produto\/lami\/\"]}]},{\"@type\":\"ImageObject\",\"inLanguage\":\"en-US\",\"@id\":\"https:\/\/evofabrics.com\/en\/produto\/lami\/#primaryimage\",\"url\":\"https:\/\/evofabrics.com\/wp-content\/uploads\/2026\/02\/Lami_04.jpg\",\"contentUrl\":\"https:\/\/evofabrics.com\/wp-content\/uploads\/2026\/02\/Lami_04.jpg\",\"width\":1000,\"height\":1000},{\"@type\":\"BreadcrumbList\",\"@id\":\"https:\/\/evofabrics.com\/en\/produto\/lami\/#breadcrumb\",\"itemListElement\":[{\"@type\":\"ListItem\",\"position\":1,\"name\":\"Products\",\"item\":\"https:\/\/evofabrics.com\/en\/shop\/\"},{\"@type\":\"ListItem\",\"position\":2,\"name\":\"Lami\"}]},{\"@type\":\"WebSite\",\"@id\":\"https:\/\/evofabrics.com\/en\/#website\",\"url\":\"https:\/\/evofabrics.com\/en\/\",\"name\":\"Damaceno Antunes\",\"description\":\"\",\"potentialAction\":[{\"@type\":\"SearchAction\",\"target\":{\"@type\":\"EntryPoint\",\"urlTemplate\":\"https:\/\/evofabrics.com\/en\/?s={search_term_string}\"},\"query-input\":{\"@type\":\"PropertyValueSpecification\",\"valueRequired\":true,\"valueName\":\"search_term_string\"}}],\"inLanguage\":\"en-US\"}]}<\/script>\n<!-- \/ Yoast SEO plugin. -->","yoast_head_json":{"title":"Lami - Damaceno Antunes","robots":{"index":"index","follow":"follow","max-snippet":"max-snippet:-1","max-image-preview":"max-image-preview:large","max-video-preview":"max-video-preview:-1"},"canonical":"https:\/\/evofabrics.com\/en\/produto\/lami\/","og_locale":"en_US","og_type":"article","og_title":"Lami - Damaceno Antunes","og_description":"O Lami \u00e9 um tecido de exterior desenvolvido com tecnologia Ecoplen, uma inova\u00e7\u00e3o sustent\u00e1vel e de alto desempenho, concebida para ambientes exteriores exigentes. Este tecido alia durabilidade, resist\u00eancia e responsabilidade ambiental, tornando-se uma escolha ideal para espa\u00e7os outdoor contempor\u00e2neos. Gra\u00e7as ao processo Ecoplen, o tecido oferece prote\u00e7\u00e3o superior contra os raios UV, a humidade e [&hellip;]","og_url":"https:\/\/evofabrics.com\/en\/produto\/lami\/","og_site_name":"Damaceno Antunes","article_modified_time":"2026-02-26T10:24:08+00:00","og_image":[{"width":1000,"height":1000,"url":"https:\/\/evofabrics.com\/wp-content\/uploads\/2026\/02\/Lami_04.jpg","type":"image\/jpeg"}],"twitter_card":"summary_large_image","schema":{"@context":"https:\/\/schema.org","@graph":[{"@type":"WebPage","@id":"https:\/\/evofabrics.com\/en\/produto\/lami\/","url":"https:\/\/evofabrics.com\/en\/produto\/lami\/","name":"Lami - Damaceno Antunes","isPartOf":{"@id":"https:\/\/evofabrics.com\/en\/#website"},"primaryImageOfPage":{"@id":"https:\/\/evofabrics.com\/en\/produto\/lami\/#primaryimage"},"image":{"@id":"https:\/\/evofabrics.com\/en\/produto\/lami\/#primaryimage"},"thumbnailUrl":"https:\/\/evofabrics.com\/wp-content\/uploads\/2026\/02\/Lami_04.jpg","datePublished":"2026-02-24T17:26:17+00:00","dateModified":"2026-02-26T10:24:08+00:00","breadcrumb":{"@id":"https:\/\/evofabrics.com\/en\/produto\/lami\/#breadcrumb"},"inLanguage":"en-US","potentialAction":[{"@type":"ReadAction","target":["https:\/\/evofabrics.com\/en\/produto\/lami\/"]}]},{"@type":"ImageObject","inLanguage":"en-US","@id":"https:\/\/evofabrics.com\/en\/produto\/lami\/#primaryimage","url":"https:\/\/evofabrics.com\/wp-content\/uploads\/2026\/02\/Lami_04.jpg","contentUrl":"https:\/\/evofabrics.com\/wp-content\/uploads\/2026\/02\/Lami_04.jpg","width":1000,"height":1000},{"@type":"BreadcrumbList","@id":"https:\/\/evofabrics.com\/en\/produto\/lami\/#breadcrumb","itemListElement":[{"@type":"ListItem","position":1,"name":"Products","item":"https:\/\/evofabrics.com\/en\/shop\/"},{"@type":"ListItem","position":2,"name":"Lami"}]},{"@type":"WebSite","@id":"https:\/\/evofabrics.com\/en\/#website","url":"https:\/\/evofabrics.com\/en\/","name":"Damaceno Antunes","description":"","potentialAction":[{"@type":"SearchAction","target":{"@type":"EntryPoint","urlTemplate":"https:\/\/evofabrics.com\/en\/?s={search_term_string}"},"query-input":{"@type":"PropertyValueSpecification","valueRequired":true,"valueName":"search_term_string"}}],"inLanguage":"en-US"}]}},"_links":{"self":[{"href":"https:\/\/evofabrics.com\/en\/wp-json\/wp\/v2\/product\/94470","targetHints":{"allow":["GET"]}}],"collection":[{"href":"https:\/\/evofabrics.com\/en\/wp-json\/wp\/v2\/product"}],"about":[{"href":"https:\/\/evofabrics.com\/en\/wp-json\/wp\/v2\/types\/product"}],"wp:featuredmedia":[{"embeddable":true,"href":"https:\/\/evofabrics.com\/en\/wp-json\/wp\/v2\/media\/94323"}],"wp:attachment":[{"href":"https:\/\/evofabrics.com\/en\/wp-json\/wp\/v2\/media?parent=94470"}],"wp:term":[{"taxonomy":"product_brand","embeddable":true,"href":"https:\/\/evofabrics.com\/en\/wp-json\/wp\/v2\/product_brand?post=94470"},{"taxonomy":"product_cat","embeddable":true,"href":"https:\/\/evofabrics.com\/en\/wp-json\/wp\/v2\/product_cat?post=94470"},{"taxonomy":"product_tag","embeddable":true,"href":"https:\/\/evofabrics.com\/en\/wp-json\/wp\/v2\/product_tag?post=94470"}],"curies":[{"name":"wp","href":"https:\/\/api.w.org\/{rel}","templated":true}]}}