{"id":94471,"date":"2026-02-24T17:26:26","date_gmt":"2026-02-24T17:26:26","guid":{"rendered":"https:\/\/evofabrics.com\/produto\/gorreana\/"},"modified":"2026-02-26T10:22:53","modified_gmt":"2026-02-26T10:22:53","slug":"gorreana","status":"publish","type":"product","link":"https:\/\/evofabrics.com\/en\/produto\/gorreana\/","title":{"rendered":"Gorreana"},"content":{"rendered":"<p>Este design inspira-se nas ic\u00f3nicas planta\u00e7\u00f5es de ch\u00e1 da Gorreana, na ilha de S\u00e3o Miguel, nos A\u00e7ores. As linhas flu\u00eddas evocam os campos verdes em socalcos que definem a paisagem da ilha, criando um ritmo sereno e org\u00e2nico. O tecido \u00e9 produzido sobre uma base de linho natural, com bordado em fios de poli\u00e9ster e viscose, refor\u00e7ando simultaneamente a durabilidade e o requinte. O resultado \u00e9 um t\u00eaxtil sofisticado que alia tradi\u00e7\u00e3o, natureza e eleg\u00e2ncia contempor\u00e2nea.<\/p>\n","protected":false},"excerpt":{"rendered":"<p>Este design inspira-se nas ic\u00f3nicas planta\u00e7\u00f5es de ch\u00e1 da Gorreana, na ilha de S\u00e3o Miguel, nos A\u00e7ores. As linhas flu\u00eddas evocam os campos verdes em socalcos que definem a paisagem da ilha, criando um ritmo sereno e org\u00e2nico. O tecido \u00e9 produzido sobre uma base de linho natural, com bordado em fios de poli\u00e9ster e [&hellip;]<\/p>\n","protected":false},"featured_media":94315,"template":"","meta":[],"product_brand":[],"product_cat":[9310,45,5845],"product_tag":[],"class_list":{"0":"post-94471","1":"product","2":"type-product","3":"status-publish","4":"has-post-thumbnail","6":"product_cat-azores","7":"product_cat-senses","8":"product_cat-evofabrics","9":"pa_manutencao-tecidos-9253","11":"first","12":"instock","13":"shipping-taxable","14":"product-type-simple"},"yoast_head":"<!-- This site is optimized with the Yoast SEO plugin v27.0 - https:\/\/yoast.com\/product\/yoast-seo-wordpress\/ -->\n<title>Gorreana - Damaceno Antunes<\/title>\n<meta name=\"robots\" content=\"index, follow, max-snippet:-1, max-image-preview:large, max-video-preview:-1\" \/>\n<link rel=\"canonical\" href=\"https:\/\/evofabrics.com\/en\/produto\/gorreana\/\" \/>\n<meta property=\"og:locale\" content=\"en_US\" \/>\n<meta property=\"og:type\" content=\"article\" \/>\n<meta property=\"og:title\" content=\"Gorreana - Damaceno Antunes\" \/>\n<meta property=\"og:description\" content=\"Este design inspira-se nas ic\u00f3nicas planta\u00e7\u00f5es de ch\u00e1 da Gorreana, na ilha de S\u00e3o Miguel, nos A\u00e7ores. As linhas flu\u00eddas evocam os campos verdes em socalcos que definem a paisagem da ilha, criando um ritmo sereno e org\u00e2nico. O tecido \u00e9 produzido sobre uma base de linho natural, com bordado em fios de poli\u00e9ster e [&hellip;]\" \/>\n<meta property=\"og:url\" content=\"https:\/\/evofabrics.com\/en\/produto\/gorreana\/\" \/>\n<meta property=\"og:site_name\" content=\"Damaceno Antunes\" \/>\n<meta property=\"article:modified_time\" content=\"2026-02-26T10:22:53+00:00\" \/>\n<meta property=\"og:image\" content=\"https:\/\/evofabrics.com\/wp-content\/uploads\/2026\/02\/Gorreana_01.jpg\" \/>\n\t<meta property=\"og:image:width\" content=\"1000\" \/>\n\t<meta property=\"og:image:height\" content=\"1000\" \/>\n\t<meta property=\"og:image:type\" content=\"image\/jpeg\" \/>\n<meta name=\"twitter:card\" content=\"summary_large_image\" \/>\n<script type=\"application\/ld+json\" class=\"yoast-schema-graph\">{\"@context\":\"https:\/\/schema.org\",\"@graph\":[{\"@type\":\"WebPage\",\"@id\":\"https:\/\/evofabrics.com\/en\/produto\/gorreana\/\",\"url\":\"https:\/\/evofabrics.com\/en\/produto\/gorreana\/\",\"name\":\"Gorreana - Damaceno Antunes\",\"isPartOf\":{\"@id\":\"https:\/\/evofabrics.com\/en\/#website\"},\"primaryImageOfPage\":{\"@id\":\"https:\/\/evofabrics.com\/en\/produto\/gorreana\/#primaryimage\"},\"image\":{\"@id\":\"https:\/\/evofabrics.com\/en\/produto\/gorreana\/#primaryimage\"},\"thumbnailUrl\":\"https:\/\/evofabrics.com\/wp-content\/uploads\/2026\/02\/Gorreana_01.jpg\",\"datePublished\":\"2026-02-24T17:26:26+00:00\",\"dateModified\":\"2026-02-26T10:22:53+00:00\",\"breadcrumb\":{\"@id\":\"https:\/\/evofabrics.com\/en\/produto\/gorreana\/#breadcrumb\"},\"inLanguage\":\"en-US\",\"potentialAction\":[{\"@type\":\"ReadAction\",\"target\":[\"https:\/\/evofabrics.com\/en\/produto\/gorreana\/\"]}]},{\"@type\":\"ImageObject\",\"inLanguage\":\"en-US\",\"@id\":\"https:\/\/evofabrics.com\/en\/produto\/gorreana\/#primaryimage\",\"url\":\"https:\/\/evofabrics.com\/wp-content\/uploads\/2026\/02\/Gorreana_01.jpg\",\"contentUrl\":\"https:\/\/evofabrics.com\/wp-content\/uploads\/2026\/02\/Gorreana_01.jpg\",\"width\":1000,\"height\":1000},{\"@type\":\"BreadcrumbList\",\"@id\":\"https:\/\/evofabrics.com\/en\/produto\/gorreana\/#breadcrumb\",\"itemListElement\":[{\"@type\":\"ListItem\",\"position\":1,\"name\":\"Products\",\"item\":\"https:\/\/evofabrics.com\/en\/shop\/\"},{\"@type\":\"ListItem\",\"position\":2,\"name\":\"Gorreana\"}]},{\"@type\":\"WebSite\",\"@id\":\"https:\/\/evofabrics.com\/en\/#website\",\"url\":\"https:\/\/evofabrics.com\/en\/\",\"name\":\"Damaceno Antunes\",\"description\":\"\",\"potentialAction\":[{\"@type\":\"SearchAction\",\"target\":{\"@type\":\"EntryPoint\",\"urlTemplate\":\"https:\/\/evofabrics.com\/en\/?s={search_term_string}\"},\"query-input\":{\"@type\":\"PropertyValueSpecification\",\"valueRequired\":true,\"valueName\":\"search_term_string\"}}],\"inLanguage\":\"en-US\"}]}<\/script>\n<!-- \/ Yoast SEO plugin. -->","yoast_head_json":{"title":"Gorreana - Damaceno Antunes","robots":{"index":"index","follow":"follow","max-snippet":"max-snippet:-1","max-image-preview":"max-image-preview:large","max-video-preview":"max-video-preview:-1"},"canonical":"https:\/\/evofabrics.com\/en\/produto\/gorreana\/","og_locale":"en_US","og_type":"article","og_title":"Gorreana - Damaceno Antunes","og_description":"Este design inspira-se nas ic\u00f3nicas planta\u00e7\u00f5es de ch\u00e1 da Gorreana, na ilha de S\u00e3o Miguel, nos A\u00e7ores. As linhas flu\u00eddas evocam os campos verdes em socalcos que definem a paisagem da ilha, criando um ritmo sereno e org\u00e2nico. O tecido \u00e9 produzido sobre uma base de linho natural, com bordado em fios de poli\u00e9ster e [&hellip;]","og_url":"https:\/\/evofabrics.com\/en\/produto\/gorreana\/","og_site_name":"Damaceno Antunes","article_modified_time":"2026-02-26T10:22:53+00:00","og_image":[{"width":1000,"height":1000,"url":"https:\/\/evofabrics.com\/wp-content\/uploads\/2026\/02\/Gorreana_01.jpg","type":"image\/jpeg"}],"twitter_card":"summary_large_image","schema":{"@context":"https:\/\/schema.org","@graph":[{"@type":"WebPage","@id":"https:\/\/evofabrics.com\/en\/produto\/gorreana\/","url":"https:\/\/evofabrics.com\/en\/produto\/gorreana\/","name":"Gorreana - Damaceno Antunes","isPartOf":{"@id":"https:\/\/evofabrics.com\/en\/#website"},"primaryImageOfPage":{"@id":"https:\/\/evofabrics.com\/en\/produto\/gorreana\/#primaryimage"},"image":{"@id":"https:\/\/evofabrics.com\/en\/produto\/gorreana\/#primaryimage"},"thumbnailUrl":"https:\/\/evofabrics.com\/wp-content\/uploads\/2026\/02\/Gorreana_01.jpg","datePublished":"2026-02-24T17:26:26+00:00","dateModified":"2026-02-26T10:22:53+00:00","breadcrumb":{"@id":"https:\/\/evofabrics.com\/en\/produto\/gorreana\/#breadcrumb"},"inLanguage":"en-US","potentialAction":[{"@type":"ReadAction","target":["https:\/\/evofabrics.com\/en\/produto\/gorreana\/"]}]},{"@type":"ImageObject","inLanguage":"en-US","@id":"https:\/\/evofabrics.com\/en\/produto\/gorreana\/#primaryimage","url":"https:\/\/evofabrics.com\/wp-content\/uploads\/2026\/02\/Gorreana_01.jpg","contentUrl":"https:\/\/evofabrics.com\/wp-content\/uploads\/2026\/02\/Gorreana_01.jpg","width":1000,"height":1000},{"@type":"BreadcrumbList","@id":"https:\/\/evofabrics.com\/en\/produto\/gorreana\/#breadcrumb","itemListElement":[{"@type":"ListItem","position":1,"name":"Products","item":"https:\/\/evofabrics.com\/en\/shop\/"},{"@type":"ListItem","position":2,"name":"Gorreana"}]},{"@type":"WebSite","@id":"https:\/\/evofabrics.com\/en\/#website","url":"https:\/\/evofabrics.com\/en\/","name":"Damaceno Antunes","description":"","potentialAction":[{"@type":"SearchAction","target":{"@type":"EntryPoint","urlTemplate":"https:\/\/evofabrics.com\/en\/?s={search_term_string}"},"query-input":{"@type":"PropertyValueSpecification","valueRequired":true,"valueName":"search_term_string"}}],"inLanguage":"en-US"}]}},"_links":{"self":[{"href":"https:\/\/evofabrics.com\/en\/wp-json\/wp\/v2\/product\/94471","targetHints":{"allow":["GET"]}}],"collection":[{"href":"https:\/\/evofabrics.com\/en\/wp-json\/wp\/v2\/product"}],"about":[{"href":"https:\/\/evofabrics.com\/en\/wp-json\/wp\/v2\/types\/product"}],"wp:featuredmedia":[{"embeddable":true,"href":"https:\/\/evofabrics.com\/en\/wp-json\/wp\/v2\/media\/94315"}],"wp:attachment":[{"href":"https:\/\/evofabrics.com\/en\/wp-json\/wp\/v2\/media?parent=94471"}],"wp:term":[{"taxonomy":"product_brand","embeddable":true,"href":"https:\/\/evofabrics.com\/en\/wp-json\/wp\/v2\/product_brand?post=94471"},{"taxonomy":"product_cat","embeddable":true,"href":"https:\/\/evofabrics.com\/en\/wp-json\/wp\/v2\/product_cat?post=94471"},{"taxonomy":"product_tag","embeddable":true,"href":"https:\/\/evofabrics.com\/en\/wp-json\/wp\/v2\/product_tag?post=94471"}],"curies":[{"name":"wp","href":"https:\/\/api.w.org\/{rel}","templated":true}]}}