{"id":94814,"date":"2026-02-26T10:38:58","date_gmt":"2026-02-26T10:38:58","guid":{"rendered":"https:\/\/evofabrics.com\/produto\/8315\/"},"modified":"2026-02-26T10:38:59","modified_gmt":"2026-02-26T10:38:59","slug":"8315","status":"publish","type":"product","link":"https:\/\/evofabrics.com\/en\/produto\/8315\/","title":{"rendered":"8315"},"content":{"rendered":"<p>Inspirado em pinturas cl\u00e1ssicas, este papel de parede exibe gar\u00e7as e folhagens numa cena contemplativa da natureza, garantindo sofistica\u00e7\u00e3o art\u00edstica ao espa\u00e7o.<\/p>\n","protected":false},"excerpt":{"rendered":"<p>Inspirado em pinturas cl\u00e1ssicas, este papel de parede exibe gar\u00e7as e folhagens numa cena contemplativa da natureza, garantindo sofistica\u00e7\u00e3o art\u00edstica ao espa\u00e7o.<\/p>\n","protected":false},"featured_media":94695,"template":"","meta":[],"product_brand":[],"product_cat":[5856],"product_tag":[],"class_list":{"0":"post-94814","1":"product","2":"type-product","3":"status-publish","4":"has-post-thumbnail","6":"product_cat-evowall-en","8":"first","9":"instock","10":"shipping-taxable","11":"product-type-simple"},"yoast_head":"<!-- This site is optimized with the Yoast SEO plugin v27.0 - https:\/\/yoast.com\/product\/yoast-seo-wordpress\/ -->\n<title>8315 - Damaceno Antunes<\/title>\n<meta name=\"robots\" content=\"index, follow, max-snippet:-1, max-image-preview:large, max-video-preview:-1\" \/>\n<link rel=\"canonical\" href=\"https:\/\/evofabrics.com\/en\/produto\/8315\/\" \/>\n<meta property=\"og:locale\" content=\"en_US\" \/>\n<meta property=\"og:type\" content=\"article\" \/>\n<meta property=\"og:title\" content=\"8315 - Damaceno Antunes\" \/>\n<meta property=\"og:description\" content=\"Inspirado em pinturas cl\u00e1ssicas, este papel de parede exibe gar\u00e7as e folhagens numa cena contemplativa da natureza, garantindo sofistica\u00e7\u00e3o art\u00edstica ao espa\u00e7o.\" \/>\n<meta property=\"og:url\" content=\"https:\/\/evofabrics.com\/en\/produto\/8315\/\" \/>\n<meta property=\"og:site_name\" content=\"Damaceno Antunes\" \/>\n<meta property=\"article:modified_time\" content=\"2026-02-26T10:38:59+00:00\" \/>\n<meta name=\"twitter:card\" content=\"summary_large_image\" \/>\n<script type=\"application\/ld+json\" class=\"yoast-schema-graph\">{\"@context\":\"https:\/\/schema.org\",\"@graph\":[{\"@type\":\"WebPage\",\"@id\":\"https:\/\/evofabrics.com\/en\/produto\/8315\/\",\"url\":\"https:\/\/evofabrics.com\/en\/produto\/8315\/\",\"name\":\"8315 - Damaceno Antunes\",\"isPartOf\":{\"@id\":\"https:\/\/evofabrics.com\/en\/#website\"},\"primaryImageOfPage\":{\"@id\":\"https:\/\/evofabrics.com\/en\/produto\/8315\/#primaryimage\"},\"image\":{\"@id\":\"https:\/\/evofabrics.com\/en\/produto\/8315\/#primaryimage\"},\"thumbnailUrl\":\"https:\/\/evofabrics.com\/wp-content\/uploads\/2026\/02\/8315.jpg\",\"datePublished\":\"2026-02-26T10:38:58+00:00\",\"dateModified\":\"2026-02-26T10:38:59+00:00\",\"breadcrumb\":{\"@id\":\"https:\/\/evofabrics.com\/en\/produto\/8315\/#breadcrumb\"},\"inLanguage\":\"en-US\",\"potentialAction\":[{\"@type\":\"ReadAction\",\"target\":[\"https:\/\/evofabrics.com\/en\/produto\/8315\/\"]}]},{\"@type\":\"ImageObject\",\"inLanguage\":\"en-US\",\"@id\":\"https:\/\/evofabrics.com\/en\/produto\/8315\/#primaryimage\",\"url\":\"https:\/\/evofabrics.com\/wp-content\/uploads\/2026\/02\/8315.jpg\",\"contentUrl\":\"https:\/\/evofabrics.com\/wp-content\/uploads\/2026\/02\/8315.jpg\",\"width\":1080,\"height\":1304},{\"@type\":\"BreadcrumbList\",\"@id\":\"https:\/\/evofabrics.com\/en\/produto\/8315\/#breadcrumb\",\"itemListElement\":[{\"@type\":\"ListItem\",\"position\":1,\"name\":\"Products\",\"item\":\"https:\/\/evofabrics.com\/en\/shop\/\"},{\"@type\":\"ListItem\",\"position\":2,\"name\":\"8315\"}]},{\"@type\":\"WebSite\",\"@id\":\"https:\/\/evofabrics.com\/en\/#website\",\"url\":\"https:\/\/evofabrics.com\/en\/\",\"name\":\"Damaceno Antunes\",\"description\":\"\",\"potentialAction\":[{\"@type\":\"SearchAction\",\"target\":{\"@type\":\"EntryPoint\",\"urlTemplate\":\"https:\/\/evofabrics.com\/en\/?s={search_term_string}\"},\"query-input\":{\"@type\":\"PropertyValueSpecification\",\"valueRequired\":true,\"valueName\":\"search_term_string\"}}],\"inLanguage\":\"en-US\"}]}<\/script>\n<!-- \/ Yoast SEO plugin. -->","yoast_head_json":{"title":"8315 - Damaceno Antunes","robots":{"index":"index","follow":"follow","max-snippet":"max-snippet:-1","max-image-preview":"max-image-preview:large","max-video-preview":"max-video-preview:-1"},"canonical":"https:\/\/evofabrics.com\/en\/produto\/8315\/","og_locale":"en_US","og_type":"article","og_title":"8315 - Damaceno Antunes","og_description":"Inspirado em pinturas cl\u00e1ssicas, este papel de parede exibe gar\u00e7as e folhagens numa cena contemplativa da natureza, garantindo sofistica\u00e7\u00e3o art\u00edstica ao espa\u00e7o.","og_url":"https:\/\/evofabrics.com\/en\/produto\/8315\/","og_site_name":"Damaceno Antunes","article_modified_time":"2026-02-26T10:38:59+00:00","twitter_card":"summary_large_image","schema":{"@context":"https:\/\/schema.org","@graph":[{"@type":"WebPage","@id":"https:\/\/evofabrics.com\/en\/produto\/8315\/","url":"https:\/\/evofabrics.com\/en\/produto\/8315\/","name":"8315 - Damaceno Antunes","isPartOf":{"@id":"https:\/\/evofabrics.com\/en\/#website"},"primaryImageOfPage":{"@id":"https:\/\/evofabrics.com\/en\/produto\/8315\/#primaryimage"},"image":{"@id":"https:\/\/evofabrics.com\/en\/produto\/8315\/#primaryimage"},"thumbnailUrl":"https:\/\/evofabrics.com\/wp-content\/uploads\/2026\/02\/8315.jpg","datePublished":"2026-02-26T10:38:58+00:00","dateModified":"2026-02-26T10:38:59+00:00","breadcrumb":{"@id":"https:\/\/evofabrics.com\/en\/produto\/8315\/#breadcrumb"},"inLanguage":"en-US","potentialAction":[{"@type":"ReadAction","target":["https:\/\/evofabrics.com\/en\/produto\/8315\/"]}]},{"@type":"ImageObject","inLanguage":"en-US","@id":"https:\/\/evofabrics.com\/en\/produto\/8315\/#primaryimage","url":"https:\/\/evofabrics.com\/wp-content\/uploads\/2026\/02\/8315.jpg","contentUrl":"https:\/\/evofabrics.com\/wp-content\/uploads\/2026\/02\/8315.jpg","width":1080,"height":1304},{"@type":"BreadcrumbList","@id":"https:\/\/evofabrics.com\/en\/produto\/8315\/#breadcrumb","itemListElement":[{"@type":"ListItem","position":1,"name":"Products","item":"https:\/\/evofabrics.com\/en\/shop\/"},{"@type":"ListItem","position":2,"name":"8315"}]},{"@type":"WebSite","@id":"https:\/\/evofabrics.com\/en\/#website","url":"https:\/\/evofabrics.com\/en\/","name":"Damaceno Antunes","description":"","potentialAction":[{"@type":"SearchAction","target":{"@type":"EntryPoint","urlTemplate":"https:\/\/evofabrics.com\/en\/?s={search_term_string}"},"query-input":{"@type":"PropertyValueSpecification","valueRequired":true,"valueName":"search_term_string"}}],"inLanguage":"en-US"}]}},"_links":{"self":[{"href":"https:\/\/evofabrics.com\/en\/wp-json\/wp\/v2\/product\/94814","targetHints":{"allow":["GET"]}}],"collection":[{"href":"https:\/\/evofabrics.com\/en\/wp-json\/wp\/v2\/product"}],"about":[{"href":"https:\/\/evofabrics.com\/en\/wp-json\/wp\/v2\/types\/product"}],"wp:featuredmedia":[{"embeddable":true,"href":"https:\/\/evofabrics.com\/en\/wp-json\/wp\/v2\/media\/94695"}],"wp:attachment":[{"href":"https:\/\/evofabrics.com\/en\/wp-json\/wp\/v2\/media?parent=94814"}],"wp:term":[{"taxonomy":"product_brand","embeddable":true,"href":"https:\/\/evofabrics.com\/en\/wp-json\/wp\/v2\/product_brand?post=94814"},{"taxonomy":"product_cat","embeddable":true,"href":"https:\/\/evofabrics.com\/en\/wp-json\/wp\/v2\/product_cat?post=94814"},{"taxonomy":"product_tag","embeddable":true,"href":"https:\/\/evofabrics.com\/en\/wp-json\/wp\/v2\/product_tag?post=94814"}],"curies":[{"name":"wp","href":"https:\/\/api.w.org\/{rel}","templated":true}]}}